{"id":77,"date":"2017-06-19T18:39:51","date_gmt":"2017-06-19T21:39:51","guid":{"rendered":"https:\/\/radiolifefm.com.br\/noticias\/?page_id=77"},"modified":"2019-10-07T08:44:42","modified_gmt":"2019-10-07T11:44:42","slug":"home","status":"publish","type":"page","link":"https:\/\/radiolifefm.com.br\/noticias\/home\/","title":{"rendered":"Home"},"content":{"rendered":"<div id=\"fb-root\"><\/div>\n<h2>R\u00e1dio Life FM \u2013 Adamantina<\/h2>\n<p>A R\u00e1dio Life Fm de Adamantina surgiu a partir de um sonho em poder revolucionar a forma de comunica\u00e7\u00e3o radiof\u00f4nica na cidade e regi\u00e3o, especialmente podendo produzir e transmitir uma programa\u00e7\u00e3o musical diferenciada, direcionada a um p\u00fablico mais jovem.<\/p>\n<p>Al\u00e9m do entretenimento, a proposta busca tamb\u00e9m como ideal, informar e prestar servi\u00e7os, mantendo um olhar voltado para as quest\u00f5es sociais e filantr\u00f3picas do munic\u00edpio e regi\u00e3o.<\/p>\n<p>A R\u00e1dio Life FM de Adamantina foi pioneira nas transmiss\u00f5es simult\u00e2neas com as novas plataformas digitais, atrav\u00e9s das transmiss\u00f5es em redes sociais, atrav\u00e9s da sua p\u00e1gina do <a href=\"https:\/\/www.facebook.com\/radiolifefm\">Facebook<\/a>, uma das suas principais ferramentas at\u00e9 os dias atuais.<br \/>\nGra\u00e7as a essa aten\u00e7\u00e3o e ao fato de se colocar sempre a frente, ocupa hoje um espa\u00e7o de destaque no setor de comunica\u00e7\u00e3o, jornalismo e presta\u00e7\u00e3o e servi\u00e7os em Adamantina e regi\u00e3o. R\u00e1dio Life FM de Adamantina, 107,9 MHZ.<\/p>\n","protected":false},"excerpt":{"rendered":"<p>R\u00e1dio Life FM \u2013 Adamantina A R\u00e1dio Life Fm de Adamantina surgiu a partir de um sonho em poder revolucionar a forma de comunica\u00e7\u00e3o radiof\u00f4nica na cidade e regi\u00e3o, especialmente podendo produzir e transmitir uma programa\u00e7\u00e3o musical diferenciada, direcionada a um p\u00fablico mais jovem. Al\u00e9m do entretenimento, a proposta busca tamb\u00e9m como ideal, informar e [&hellip;]<\/p>\n","protected":false},"author":2,"featured_media":0,"parent":0,"menu_order":0,"comment_status":"closed","ping_status":"closed","template":"","meta":{"_acf_changed":false,"_exactmetrics_skip_tracking":false,"_exactmetrics_sitenote_active":false,"_exactmetrics_sitenote_note":"","_exactmetrics_sitenote_category":0,"footnotes":""},"class_list":["post-77","page","type-page","status-publish","hentry"],"acf":[],"yoast_head":"<!-- This site is optimized with the Yoast SEO plugin v27.2 - https:\/\/yoast.com\/product\/yoast-seo-wordpress\/ -->\n<title>Home - R\u00e1dio Life FM<\/title>\n<meta name=\"description\" content=\"A R\u00e1dio Life FM de Adamantina revoluciona a forma de comunica\u00e7\u00e3o radiof\u00f4nica, produzindo e transmitindo uma programa\u00e7\u00e3o direcionada a um p\u00fablico mais jovem.\" \/>\n<meta name=\"robots\" content=\"index, follow, max-snippet:-1, max-image-preview:large, max-video-preview:-1\" \/>\n<link rel=\"canonical\" href=\"https:\/\/radiolifefm.com.br\/noticias\/home\/\" \/>\n<meta property=\"og:locale\" content=\"pt_BR\" \/>\n<meta property=\"og:type\" content=\"article\" \/>\n<meta property=\"og:title\" content=\"Home - R\u00e1dio Life FM\" \/>\n<meta property=\"og:description\" content=\"A R\u00e1dio Life FM de Adamantina revoluciona a forma de comunica\u00e7\u00e3o radiof\u00f4nica, produzindo e transmitindo uma programa\u00e7\u00e3o direcionada a um p\u00fablico mais jovem.\" \/>\n<meta property=\"og:url\" content=\"https:\/\/radiolifefm.com.br\/noticias\/home\/\" \/>\n<meta property=\"og:site_name\" content=\"R\u00e1dio Life FM\" \/>\n<meta property=\"article:publisher\" content=\"https:\/\/www.facebook.com\/radiolifefm\/\" \/>\n<meta property=\"article:modified_time\" content=\"2019-10-07T11:44:42+00:00\" \/>\n<meta name=\"twitter:card\" content=\"summary_large_image\" \/>\n<meta name=\"twitter:label1\" content=\"Est. tempo de leitura\" \/>\n\t<meta name=\"twitter:data1\" content=\"1 minuto\" \/>\n<script type=\"application\/ld+json\" class=\"yoast-schema-graph\">{\"@context\":\"https:\/\/schema.org\",\"@graph\":[{\"@type\":\"WebPage\",\"@id\":\"https:\/\/radiolifefm.com.br\/noticias\/home\/\",\"url\":\"https:\/\/radiolifefm.com.br\/noticias\/home\/\",\"name\":\"Home - R\u00e1dio Life FM\",\"isPartOf\":{\"@id\":\"https:\/\/radiolifefm.com.br\/noticias\/#website\"},\"datePublished\":\"2017-06-19T21:39:51+00:00\",\"dateModified\":\"2019-10-07T11:44:42+00:00\",\"description\":\"A R\u00e1dio Life FM de Adamantina revoluciona a forma de comunica\u00e7\u00e3o radiof\u00f4nica, produzindo e transmitindo uma programa\u00e7\u00e3o direcionada a um p\u00fablico mais jovem.\",\"breadcrumb\":{\"@id\":\"https:\/\/radiolifefm.com.br\/noticias\/home\/#breadcrumb\"},\"inLanguage\":\"pt-BR\",\"potentialAction\":[{\"@type\":\"ReadAction\",\"target\":[\"https:\/\/radiolifefm.com.br\/noticias\/home\/\"]}]},{\"@type\":\"BreadcrumbList\",\"@id\":\"https:\/\/radiolifefm.com.br\/noticias\/home\/#breadcrumb\",\"itemListElement\":[{\"@type\":\"ListItem\",\"position\":1,\"name\":\"In\u00edcio\",\"item\":\"https:\/\/radiolifefm.com.br\/noticias\/\"},{\"@type\":\"ListItem\",\"position\":2,\"name\":\"Home\"}]},{\"@type\":\"WebSite\",\"@id\":\"https:\/\/radiolifefm.com.br\/noticias\/#website\",\"url\":\"https:\/\/radiolifefm.com.br\/noticias\/\",\"name\":\"R\u00e1dio Life FM\",\"description\":\"O Portal de Not\u00edcias de Adamantina\",\"publisher\":{\"@id\":\"https:\/\/radiolifefm.com.br\/noticias\/#organization\"},\"alternateName\":\"Life FM\",\"potentialAction\":[{\"@type\":\"SearchAction\",\"target\":{\"@type\":\"EntryPoint\",\"urlTemplate\":\"https:\/\/radiolifefm.com.br\/noticias\/?s={search_term_string}\"},\"query-input\":{\"@type\":\"PropertyValueSpecification\",\"valueRequired\":true,\"valueName\":\"search_term_string\"}}],\"inLanguage\":\"pt-BR\"},{\"@type\":\"Organization\",\"@id\":\"https:\/\/radiolifefm.com.br\/noticias\/#organization\",\"name\":\"R\u00e1dio Life FM\",\"alternateName\":\"Life FM\",\"url\":\"https:\/\/radiolifefm.com.br\/noticias\/\",\"logo\":{\"@type\":\"ImageObject\",\"inLanguage\":\"pt-BR\",\"@id\":\"https:\/\/radiolifefm.com.br\/noticias\/#\/schema\/logo\/image\/\",\"url\":\"https:\/\/static.radiolifefm.com.br\/noticias\/wp-content\/uploads\/2019\/10\/logo-lifefm.png\",\"contentUrl\":\"https:\/\/static.radiolifefm.com.br\/noticias\/wp-content\/uploads\/2019\/10\/logo-lifefm.png\",\"width\":196,\"height\":47,\"caption\":\"R\u00e1dio Life FM\"},\"image\":{\"@id\":\"https:\/\/radiolifefm.com.br\/noticias\/#\/schema\/logo\/image\/\"},\"sameAs\":[\"https:\/\/www.facebook.com\/radiolifefm\/\",\"https:\/\/www.instagram.com\/life1079fm\/\"]}]}<\/script>\n<!-- \/ Yoast SEO plugin. -->","yoast_head_json":{"title":"Home - R\u00e1dio Life FM","description":"A R\u00e1dio Life FM de Adamantina revoluciona a forma de comunica\u00e7\u00e3o radiof\u00f4nica, produzindo e transmitindo uma programa\u00e7\u00e3o direcionada a um p\u00fablico mais jovem.","robots":{"index":"index","follow":"follow","max-snippet":"max-snippet:-1","max-image-preview":"max-image-preview:large","max-video-preview":"max-video-preview:-1"},"canonical":"https:\/\/radiolifefm.com.br\/noticias\/home\/","og_locale":"pt_BR","og_type":"article","og_title":"Home - R\u00e1dio Life FM","og_description":"A R\u00e1dio Life FM de Adamantina revoluciona a forma de comunica\u00e7\u00e3o radiof\u00f4nica, produzindo e transmitindo uma programa\u00e7\u00e3o direcionada a um p\u00fablico mais jovem.","og_url":"https:\/\/radiolifefm.com.br\/noticias\/home\/","og_site_name":"R\u00e1dio Life FM","article_publisher":"https:\/\/www.facebook.com\/radiolifefm\/","article_modified_time":"2019-10-07T11:44:42+00:00","twitter_card":"summary_large_image","twitter_misc":{"Est. tempo de leitura":"1 minuto"},"schema":{"@context":"https:\/\/schema.org","@graph":[{"@type":"WebPage","@id":"https:\/\/radiolifefm.com.br\/noticias\/home\/","url":"https:\/\/radiolifefm.com.br\/noticias\/home\/","name":"Home - R\u00e1dio Life FM","isPartOf":{"@id":"https:\/\/radiolifefm.com.br\/noticias\/#website"},"datePublished":"2017-06-19T21:39:51+00:00","dateModified":"2019-10-07T11:44:42+00:00","description":"A R\u00e1dio Life FM de Adamantina revoluciona a forma de comunica\u00e7\u00e3o radiof\u00f4nica, produzindo e transmitindo uma programa\u00e7\u00e3o direcionada a um p\u00fablico mais jovem.","breadcrumb":{"@id":"https:\/\/radiolifefm.com.br\/noticias\/home\/#breadcrumb"},"inLanguage":"pt-BR","potentialAction":[{"@type":"ReadAction","target":["https:\/\/radiolifefm.com.br\/noticias\/home\/"]}]},{"@type":"BreadcrumbList","@id":"https:\/\/radiolifefm.com.br\/noticias\/home\/#breadcrumb","itemListElement":[{"@type":"ListItem","position":1,"name":"In\u00edcio","item":"https:\/\/radiolifefm.com.br\/noticias\/"},{"@type":"ListItem","position":2,"name":"Home"}]},{"@type":"WebSite","@id":"https:\/\/radiolifefm.com.br\/noticias\/#website","url":"https:\/\/radiolifefm.com.br\/noticias\/","name":"R\u00e1dio Life FM","description":"O Portal de Not\u00edcias de Adamantina","publisher":{"@id":"https:\/\/radiolifefm.com.br\/noticias\/#organization"},"alternateName":"Life FM","potentialAction":[{"@type":"SearchAction","target":{"@type":"EntryPoint","urlTemplate":"https:\/\/radiolifefm.com.br\/noticias\/?s={search_term_string}"},"query-input":{"@type":"PropertyValueSpecification","valueRequired":true,"valueName":"search_term_string"}}],"inLanguage":"pt-BR"},{"@type":"Organization","@id":"https:\/\/radiolifefm.com.br\/noticias\/#organization","name":"R\u00e1dio Life FM","alternateName":"Life FM","url":"https:\/\/radiolifefm.com.br\/noticias\/","logo":{"@type":"ImageObject","inLanguage":"pt-BR","@id":"https:\/\/radiolifefm.com.br\/noticias\/#\/schema\/logo\/image\/","url":"https:\/\/static.radiolifefm.com.br\/noticias\/wp-content\/uploads\/2019\/10\/logo-lifefm.png","contentUrl":"https:\/\/static.radiolifefm.com.br\/noticias\/wp-content\/uploads\/2019\/10\/logo-lifefm.png","width":196,"height":47,"caption":"R\u00e1dio Life FM"},"image":{"@id":"https:\/\/radiolifefm.com.br\/noticias\/#\/schema\/logo\/image\/"},"sameAs":["https:\/\/www.facebook.com\/radiolifefm\/","https:\/\/www.instagram.com\/life1079fm\/"]}]}},"amp_enabled":true,"_links":{"self":[{"href":"https:\/\/radiolifefm.com.br\/noticias\/wp-json\/wp\/v2\/pages\/77","targetHints":{"allow":["GET"]}}],"collection":[{"href":"https:\/\/radiolifefm.com.br\/noticias\/wp-json\/wp\/v2\/pages"}],"about":[{"href":"https:\/\/radiolifefm.com.br\/noticias\/wp-json\/wp\/v2\/types\/page"}],"author":[{"embeddable":true,"href":"https:\/\/radiolifefm.com.br\/noticias\/wp-json\/wp\/v2\/users\/2"}],"replies":[{"embeddable":true,"href":"https:\/\/radiolifefm.com.br\/noticias\/wp-json\/wp\/v2\/comments?post=77"}],"version-history":[{"count":2,"href":"https:\/\/radiolifefm.com.br\/noticias\/wp-json\/wp\/v2\/pages\/77\/revisions"}],"predecessor-version":[{"id":16824,"href":"https:\/\/radiolifefm.com.br\/noticias\/wp-json\/wp\/v2\/pages\/77\/revisions\/16824"}],"wp:attachment":[{"href":"https:\/\/radiolifefm.com.br\/noticias\/wp-json\/wp\/v2\/media?parent=77"}],"curies":[{"name":"wp","href":"https:\/\/api.w.org\/{rel}","templated":true}]}}